{"id":307,"date":"2025-03-02T23:57:03","date_gmt":"2025-03-02T22:57:03","guid":{"rendered":"https:\/\/ogrodnik.e-glubczyce.pl\/?page_id=307"},"modified":"2025-03-03T00:34:30","modified_gmt":"2025-03-02T23:34:30","slug":"raty","status":"publish","type":"page","link":"https:\/\/ogrodnik.e-glubczyce.pl\/?page_id=307","title":{"rendered":"Raty"},"content":{"rendered":"\n<p>W \u201e<a href=\"https:\/\/ogrodnik.e-glubczyce.pl\/?page_id=9\" title=\"Kontakt\">Sklepie Ogrodnik A. Klimek<\/a>\u201d oferujemy wygodne i szybkie p\u0142atno\u015bci ratalne, dzi\u0119ki wsp\u00f3\u0142pracy z renomowanymi bankami: <\/p>\n\n\n<div class=\"wp-block-image\">\n<figure class=\"aligncenter is-resized\"><img loading=\"lazy\" decoding=\"async\" width=\"1300\" height=\"467\" src=\"https:\/\/ogrodnik.e-glubczyce.pl\/wp-content\/uploads\/2025\/03\/santander_bank_nowe_logo.jpg\" alt=\"\" class=\"wp-image-311\" style=\"width:224px;height:auto\" srcset=\"https:\/\/ogrodnik.e-glubczyce.pl\/wp-content\/uploads\/2025\/03\/santander_bank_nowe_logo.jpg 1300w, https:\/\/ogrodnik.e-glubczyce.pl\/wp-content\/uploads\/2025\/03\/santander_bank_nowe_logo-300x108.jpg 300w, https:\/\/ogrodnik.e-glubczyce.pl\/wp-content\/uploads\/2025\/03\/santander_bank_nowe_logo-1024x368.jpg 1024w, https:\/\/ogrodnik.e-glubczyce.pl\/wp-content\/uploads\/2025\/03\/santander_bank_nowe_logo-768x276.jpg 768w\" sizes=\"auto, (max-width: 1300px) 100vw, 1300px\" \/><\/figure>\n<\/div>\n\n<div class=\"wp-block-image\">\n<figure class=\"aligncenter is-resized\"><img loading=\"lazy\" decoding=\"async\" width=\"1200\" height=\"600\" src=\"https:\/\/ogrodnik.e-glubczyce.pl\/wp-content\/uploads\/2025\/03\/Alior_Bank.svg_-1.png\" alt=\"\" class=\"wp-image-319\" style=\"width:208px;height:auto\" srcset=\"https:\/\/ogrodnik.e-glubczyce.pl\/wp-content\/uploads\/2025\/03\/Alior_Bank.svg_-1.png 1200w, https:\/\/ogrodnik.e-glubczyce.pl\/wp-content\/uploads\/2025\/03\/Alior_Bank.svg_-1-300x150.png 300w, https:\/\/ogrodnik.e-glubczyce.pl\/wp-content\/uploads\/2025\/03\/Alior_Bank.svg_-1-1024x512.png 1024w, https:\/\/ogrodnik.e-glubczyce.pl\/wp-content\/uploads\/2025\/03\/Alior_Bank.svg_-1-768x384.png 768w\" sizes=\"auto, (max-width: 1200px) 100vw, 1200px\" \/><\/figure>\n<\/div>\n\n<div class=\"wp-block-image\">\n<figure class=\"aligncenter is-resized\"><img loading=\"lazy\" decoding=\"async\" width=\"600\" height=\"128\" src=\"https:\/\/ogrodnik.e-glubczyce.pl\/wp-content\/uploads\/2025\/03\/credit-agricole-logo-1.jpg\" alt=\"\" class=\"wp-image-320\" style=\"width:255px;height:auto\" srcset=\"https:\/\/ogrodnik.e-glubczyce.pl\/wp-content\/uploads\/2025\/03\/credit-agricole-logo-1.jpg 600w, https:\/\/ogrodnik.e-glubczyce.pl\/wp-content\/uploads\/2025\/03\/credit-agricole-logo-1-300x64.jpg 300w\" sizes=\"auto, (max-width: 600px) 100vw, 600px\" \/><\/figure>\n<\/div>\n\n<div class=\"wp-block-image\">\n<figure class=\"aligncenter is-resized\"><img loading=\"lazy\" decoding=\"async\" width=\"726\" height=\"204\" src=\"https:\/\/ogrodnik.e-glubczyce.pl\/wp-content\/uploads\/2025\/03\/BNPP_BL_Q-2-1.png\" alt=\"\" class=\"wp-image-322\" style=\"width:254px;height:auto\" srcset=\"https:\/\/ogrodnik.e-glubczyce.pl\/wp-content\/uploads\/2025\/03\/BNPP_BL_Q-2-1.png 726w, https:\/\/ogrodnik.e-glubczyce.pl\/wp-content\/uploads\/2025\/03\/BNPP_BL_Q-2-1-300x84.png 300w\" sizes=\"auto, (max-width: 726px) 100vw, 726px\" \/><\/figure>\n<\/div>\n\n\n<p class=\"has-nv-site-bg-color has-text-color has-link-color wp-elements-4d825e6721a4c3f5ccb6b9b8c7b2e784\">Alior Bank, Santander Consumer Bank, BNP Paribas Bank i Credit Agricole. <\/p>\n\n\n\n<p>Formalno\u015bci za\u0142atwisz w naszym sklepie w ci\u0105gu kilku minut. Dodatkowo, zapewniamy profesjonalne doradztwo w zakresie leasingu maszyn, umo\u017cliwiaj\u0105c rozw\u00f3j Twojego biznesu. <\/p>\n\n\n\n<p>Regularnie organizujemy atrakcyjne promocje ratalne 0%, kt\u00f3re pozwalaj\u0105 na zakup wymarzonego sprz\u0119tu ogrodniczego bez dodatkowych koszt\u00f3w. \u015aled\u017a nasz\u0105 stron\u0119 internetow\u0105 i media spo\u0142eczno\u015bciowe, aby by\u0107 na bie\u017c\u0105co z aktualnymi ofertami. Dzi\u0119ki ratom 0% mo\u017cesz roz\u0142o\u017cy\u0107 p\u0142atno\u015b\u0107 na dogodne raty, nie ponosz\u0105c \u017cadnych odsetek. To doskona\u0142a okazja, aby zainwestowa\u0107 w wysokiej jako\u015bci sprz\u0119t, kt\u00f3ry u\u0142atwi Ci piel\u0119gnacj\u0119 ogrodu.<\/p>\n\n\n\n<p><\/p>\n\n\n\n<p><strong><em>SKLEP OGRODNIK Aleksander Klimek<\/em><\/strong><\/p>\n\n\n\n<p><strong><em>ul. Moniuszki 19, 21, 23 | 48-100 G\u0142ubczyce<\/em><\/strong><\/p>\n\n\n\n<p><strong><em>TEL. 77 485 28 31 | wew. 21<\/em><\/strong><\/p>\n\n\n\n<p><strong><em>klimek_ogrodnik@op.pl<\/em><\/strong><\/p>\n\n\n\n<p><\/p>\n\n\n\n<p><\/p>\n","protected":false},"excerpt":{"rendered":"<p>W \u201eSklepie Ogrodnik A. Klimek\u201d oferujemy wygodne i szybkie p\u0142atno\u015bci ratalne, dzi\u0119ki wsp\u00f3\u0142pracy z renomowanymi bankami: Alior Bank, Santander Consumer Bank, BNP Paribas Bank i Credit Agricole. Formalno\u015bci za\u0142atwisz w naszym sklepie w ci\u0105gu kilku minut. Dodatkowo, zapewniamy profesjonalne doradztwo w zakresie leasingu maszyn, umo\u017cliwiaj\u0105c rozw\u00f3j Twojego biznesu. Regularnie organizujemy atrakcyjne promocje ratalne 0%, kt\u00f3re&hellip;&nbsp;<a href=\"https:\/\/ogrodnik.e-glubczyce.pl\/?page_id=307\" rel=\"bookmark\">Dowiedz si\u0119 wi\u0119cej &raquo;<span class=\"screen-reader-text\">Raty<\/span><\/a><\/p>\n","protected":false},"author":1,"featured_media":0,"parent":0,"menu_order":0,"comment_status":"closed","ping_status":"closed","template":"","meta":{"om_disable_all_campaigns":false,"_uag_custom_page_level_css":"","_monsterinsights_skip_tracking":false,"_monsterinsights_sitenote_active":false,"_monsterinsights_sitenote_note":"","_monsterinsights_sitenote_category":0,"neve_meta_sidebar":"","neve_meta_container":"","neve_meta_enable_content_width":"","neve_meta_content_width":0,"neve_meta_title_alignment":"","neve_meta_author_avatar":"","neve_post_elements_order":"","neve_meta_disable_header":"","neve_meta_disable_footer":"","neve_meta_disable_title":"","footnotes":""},"class_list":["post-307","page","type-page","status-publish","hentry"],"aioseo_notices":[],"uagb_featured_image_src":{"full":false,"thumbnail":false,"medium":false,"medium_large":false,"large":false,"1536x1536":false,"2048x2048":false,"neve-blog":false},"uagb_author_info":{"display_name":"admin","author_link":"https:\/\/ogrodnik.e-glubczyce.pl\/?author=1"},"uagb_comment_info":0,"uagb_excerpt":"W \u201eSklepie Ogrodnik A. Klimek\u201d oferujemy wygodne i szybkie p\u0142atno\u015bci ratalne, dzi\u0119ki wsp\u00f3\u0142pracy z renomowanymi bankami: Alior Bank, Santander Consumer Bank, BNP Paribas Bank i Credit Agricole. Formalno\u015bci za\u0142atwisz w naszym sklepie w ci\u0105gu kilku minut. Dodatkowo, zapewniamy profesjonalne doradztwo w zakresie leasingu maszyn, umo\u017cliwiaj\u0105c rozw\u00f3j Twojego biznesu. Regularnie organizujemy atrakcyjne promocje ratalne 0%, kt\u00f3re&hellip;&nbsp;Dowiedz&hellip;","_links":{"self":[{"href":"https:\/\/ogrodnik.e-glubczyce.pl\/index.php?rest_route=\/wp\/v2\/pages\/307","targetHints":{"allow":["GET"]}}],"collection":[{"href":"https:\/\/ogrodnik.e-glubczyce.pl\/index.php?rest_route=\/wp\/v2\/pages"}],"about":[{"href":"https:\/\/ogrodnik.e-glubczyce.pl\/index.php?rest_route=\/wp\/v2\/types\/page"}],"author":[{"embeddable":true,"href":"https:\/\/ogrodnik.e-glubczyce.pl\/index.php?rest_route=\/wp\/v2\/users\/1"}],"replies":[{"embeddable":true,"href":"https:\/\/ogrodnik.e-glubczyce.pl\/index.php?rest_route=%2Fwp%2Fv2%2Fcomments&post=307"}],"version-history":[{"count":6,"href":"https:\/\/ogrodnik.e-glubczyce.pl\/index.php?rest_route=\/wp\/v2\/pages\/307\/revisions"}],"predecessor-version":[{"id":326,"href":"https:\/\/ogrodnik.e-glubczyce.pl\/index.php?rest_route=\/wp\/v2\/pages\/307\/revisions\/326"}],"wp:attachment":[{"href":"https:\/\/ogrodnik.e-glubczyce.pl\/index.php?rest_route=%2Fwp%2Fv2%2Fmedia&parent=307"}],"curies":[{"name":"wp","href":"https:\/\/api.w.org\/{rel}","templated":true}]}}